{"id":6134,"date":"2024-04-26T19:22:59","date_gmt":"2024-04-26T23:22:59","guid":{"rendered":"https:\/\/everlastelectrics.com\/?post_type=product&#038;p=6134"},"modified":"2024-04-26T19:25:33","modified_gmt":"2024-04-26T23:25:33","slug":"heat-shrink-half-insulated-push-on-terminals","status":"publish","type":"product","link":"https:\/\/everlastelectrics.com\/fr\/produit\/heat-shrink-half-insulated-push-on-terminals\/","title":{"rendered":"Terminaux bornes \u00e0 pression semi-isol\u00e9s thermor\u00e9tr\u00e9cissables"},"content":{"rendered":"<p>Les cosses \u00e0 embo\u00eeter semi-isol\u00e9es thermor\u00e9tractables sont des connecteurs \u00e0 lame femelle et m\u00e2le qui s'accouplent pour connecter ou d\u00e9connecter rapidement une connexion c\u00e2bl\u00e9e. Le mat\u00e9riau thermor\u00e9tractable scelle compl\u00e8tement la borne et fournit l'isolation la plus durable pour les connexions \u00e9lectriques. Les cosses semi-isol\u00e9es thermor\u00e9tractables peuvent \u00eatre utilis\u00e9es dans des applications qui utilisent des fils pour transf\u00e9rer le courant \u00e9lectrique. Disponibles en diff\u00e9rents calibres et en bo\u00eetes de 25 pi\u00e8ces.<\/p>","protected":false},"excerpt":{"rendered":"<p>Les cosses \u00e0 embo\u00eeter semi-isol\u00e9es thermor\u00e9tractables sont des connecteurs \u00e0 lame femelle et m\u00e2le qui s'accouplent pour connecter ou d\u00e9connecter rapidement une connexion c\u00e2bl\u00e9e.<\/p>","protected":false},"featured_media":6135,"template":"","meta":{"site-sidebar-layout":"default","site-content-layout":"default","ast-site-content-layout":"default","site-content-style":"default","site-sidebar-style":"default","ast-global-header-display":"","ast-banner-title-visibility":"","ast-main-header-display":"","ast-hfb-above-header-display":"","ast-hfb-below-header-display":"","ast-hfb-mobile-header-display":"","site-post-title":"","ast-breadcrumbs-content":"","ast-featured-img":"","footer-sml-layout":"","ast-disable-related-posts":"","theme-transparent-header-meta":"default","adv-header-id-meta":"","stick-header-meta":"","header-above-stick-meta":"","header-main-stick-meta":"","header-below-stick-meta":"","astra-migrate-meta-layouts":"set","ast-page-background-enabled":"default","ast-page-background-meta":{"desktop":{"background-color":"","background-image":"","background-repeat":"repeat","background-position":"center center","background-size":"auto","background-attachment":"scroll","background-type":"","background-media":"","overlay-type":"","overlay-color":"","overlay-opacity":"","overlay-gradient":""},"tablet":{"background-color":"","background-image":"","background-repeat":"repeat","background-position":"center center","background-size":"auto","background-attachment":"scroll","background-type":"","background-media":"","overlay-type":"","overlay-color":"","overlay-opacity":"","overlay-gradient":""},"mobile":{"background-color":"","background-image":"","background-repeat":"repeat","background-position":"center center","background-size":"auto","background-attachment":"scroll","background-type":"","background-media":"","overlay-type":"","overlay-color":"","overlay-opacity":"","overlay-gradient":""}},"ast-content-background-meta":{"desktop":{"background-color":"var(--ast-global-color-5)","background-image":"","background-repeat":"repeat","background-position":"center center","background-size":"auto","background-attachment":"scroll","background-type":"","background-media":"","overlay-type":"","overlay-color":"","overlay-opacity":"","overlay-gradient":""},"tablet":{"background-color":"var(--ast-global-color-5)","background-image":"","background-repeat":"repeat","background-position":"center center","background-size":"auto","background-attachment":"scroll","background-type":"","background-media":"","overlay-type":"","overlay-color":"","overlay-opacity":"","overlay-gradient":""},"mobile":{"background-color":"var(--ast-global-color-5)","background-image":"","background-repeat":"repeat","background-position":"center center","background-size":"auto","background-attachment":"scroll","background-type":"","background-media":"","overlay-type":"","overlay-color":"","overlay-opacity":"","overlay-gradient":""}}},"product_brand":[],"product_cat":[24],"product_tag":[],"class_list":{"0":"post-6134","1":"product","2":"type-product","3":"status-publish","4":"has-post-thumbnail","6":"product_cat-electrical-supplies","7":"desktop-align-center","8":"tablet-align-center","9":"mobile-align-center","11":"first","12":"instock","13":"featured","14":"shipping-taxable","15":"product-type-simple"},"_links":{"self":[{"href":"https:\/\/everlastelectrics.com\/fr\/wp-json\/wp\/v2\/product\/6134","targetHints":{"allow":["GET"]}}],"collection":[{"href":"https:\/\/everlastelectrics.com\/fr\/wp-json\/wp\/v2\/product"}],"about":[{"href":"https:\/\/everlastelectrics.com\/fr\/wp-json\/wp\/v2\/types\/product"}],"wp:featuredmedia":[{"embeddable":true,"href":"https:\/\/everlastelectrics.com\/fr\/wp-json\/wp\/v2\/media\/6135"}],"wp:attachment":[{"href":"https:\/\/everlastelectrics.com\/fr\/wp-json\/wp\/v2\/media?parent=6134"}],"wp:term":[{"taxonomy":"product_brand","embeddable":true,"href":"https:\/\/everlastelectrics.com\/fr\/wp-json\/wp\/v2\/product_brand?post=6134"},{"taxonomy":"product_cat","embeddable":true,"href":"https:\/\/everlastelectrics.com\/fr\/wp-json\/wp\/v2\/product_cat?post=6134"},{"taxonomy":"product_tag","embeddable":true,"href":"https:\/\/everlastelectrics.com\/fr\/wp-json\/wp\/v2\/product_tag?post=6134"}],"curies":[{"name":"wp","href":"https:\/\/api.w.org\/{rel}","templated":true}]}}