{"id":6124,"date":"2024-04-26T02:27:16","date_gmt":"2024-04-26T06:27:16","guid":{"rendered":"https:\/\/everlastelectrics.com\/?post_type=product&#038;p=6124"},"modified":"2024-04-26T18:49:11","modified_gmt":"2024-04-26T22:49:11","slug":"heat-shrink-ring-terminals","status":"publish","type":"product","link":"https:\/\/everlastelectrics.com\/fr\/produit\/heat-shrink-ring-terminals\/","title":{"rendered":"Terminaux \u00e0 anneaux thermor\u00e9tr\u00e9cissables"},"content":{"rendered":"<p>Ces cosses sans soudure offrent une r\u00e9sistance m\u00e9canique et aux intemp\u00e9ries exceptionnelle gr\u00e2ce \u00e0 l'utilisation d'un manchon en polyamide thermor\u00e9tractable r\u00e9sistant, enduit d'un adh\u00e9sif thermofusible sp\u00e9cial autour du cylindre de sertissage m\u00e9tallique. Apr\u00e8s le sertissage, le manchon est chauff\u00e9 jusqu'\u00e0 ce que l'adh\u00e9sif fonde et coule, remplissant les espaces et assurant une excellente \u00e9tanch\u00e9it\u00e9 avec le c\u00e2ble. Disponibles en diff\u00e9rents calibres, tailles de trous et bo\u00eetes de 25 pi\u00e8ces.<\/p>","protected":false},"excerpt":{"rendered":"<p>Ces cosses sans soudure offrent une r\u00e9sistance m\u00e9canique et aux intemp\u00e9ries exceptionnelle gr\u00e2ce \u00e0 l'utilisation d'un manchon en polyamide thermor\u00e9tractable r\u00e9sistant, enduit d'un adh\u00e9sif thermofusible sp\u00e9cial autour du cylindre de sertissage m\u00e9tallique.<\/p>","protected":false},"featured_media":6128,"template":"","meta":{"site-sidebar-layout":"default","site-content-layout":"default","ast-site-content-layout":"default","site-content-style":"default","site-sidebar-style":"default","ast-global-header-display":"","ast-banner-title-visibility":"","ast-main-header-display":"","ast-hfb-above-header-display":"","ast-hfb-below-header-display":"","ast-hfb-mobile-header-display":"","site-post-title":"","ast-breadcrumbs-content":"","ast-featured-img":"","footer-sml-layout":"","ast-disable-related-posts":"","theme-transparent-header-meta":"default","adv-header-id-meta":"","stick-header-meta":"","header-above-stick-meta":"","header-main-stick-meta":"","header-below-stick-meta":"","astra-migrate-meta-layouts":"set","ast-page-background-enabled":"default","ast-page-background-meta":{"desktop":{"background-color":"","background-image":"","background-repeat":"repeat","background-position":"center center","background-size":"auto","background-attachment":"scroll","background-type":"","background-media":"","overlay-type":"","overlay-color":"","overlay-opacity":"","overlay-gradient":""},"tablet":{"background-color":"","background-image":"","background-repeat":"repeat","background-position":"center center","background-size":"auto","background-attachment":"scroll","background-type":"","background-media":"","overlay-type":"","overlay-color":"","overlay-opacity":"","overlay-gradient":""},"mobile":{"background-color":"","background-image":"","background-repeat":"repeat","background-position":"center center","background-size":"auto","background-attachment":"scroll","background-type":"","background-media":"","overlay-type":"","overlay-color":"","overlay-opacity":"","overlay-gradient":""}},"ast-content-background-meta":{"desktop":{"background-color":"var(--ast-global-color-5)","background-image":"","background-repeat":"repeat","background-position":"center center","background-size":"auto","background-attachment":"scroll","background-type":"","background-media":"","overlay-type":"","overlay-color":"","overlay-opacity":"","overlay-gradient":""},"tablet":{"background-color":"var(--ast-global-color-5)","background-image":"","background-repeat":"repeat","background-position":"center center","background-size":"auto","background-attachment":"scroll","background-type":"","background-media":"","overlay-type":"","overlay-color":"","overlay-opacity":"","overlay-gradient":""},"mobile":{"background-color":"var(--ast-global-color-5)","background-image":"","background-repeat":"repeat","background-position":"center center","background-size":"auto","background-attachment":"scroll","background-type":"","background-media":"","overlay-type":"","overlay-color":"","overlay-opacity":"","overlay-gradient":""}}},"product_brand":[],"product_cat":[24],"product_tag":[],"class_list":{"0":"post-6124","1":"product","2":"type-product","3":"status-publish","4":"has-post-thumbnail","6":"product_cat-electrical-supplies","7":"desktop-align-center","8":"tablet-align-center","9":"mobile-align-center","11":"first","12":"instock","13":"featured","14":"shipping-taxable","15":"product-type-simple"},"_links":{"self":[{"href":"https:\/\/everlastelectrics.com\/fr\/wp-json\/wp\/v2\/product\/6124","targetHints":{"allow":["GET"]}}],"collection":[{"href":"https:\/\/everlastelectrics.com\/fr\/wp-json\/wp\/v2\/product"}],"about":[{"href":"https:\/\/everlastelectrics.com\/fr\/wp-json\/wp\/v2\/types\/product"}],"wp:featuredmedia":[{"embeddable":true,"href":"https:\/\/everlastelectrics.com\/fr\/wp-json\/wp\/v2\/media\/6128"}],"wp:attachment":[{"href":"https:\/\/everlastelectrics.com\/fr\/wp-json\/wp\/v2\/media?parent=6124"}],"wp:term":[{"taxonomy":"product_brand","embeddable":true,"href":"https:\/\/everlastelectrics.com\/fr\/wp-json\/wp\/v2\/product_brand?post=6124"},{"taxonomy":"product_cat","embeddable":true,"href":"https:\/\/everlastelectrics.com\/fr\/wp-json\/wp\/v2\/product_cat?post=6124"},{"taxonomy":"product_tag","embeddable":true,"href":"https:\/\/everlastelectrics.com\/fr\/wp-json\/wp\/v2\/product_tag?post=6124"}],"curies":[{"name":"wp","href":"https:\/\/api.w.org\/{rel}","templated":true}]}}