{"id":6114,"date":"2024-05-11T00:51:26","date_gmt":"2024-05-11T04:51:26","guid":{"rendered":"https:\/\/everlastelectrics.com\/?post_type=product&#038;p=6114"},"modified":"2024-05-15T11:37:18","modified_gmt":"2024-05-15T15:37:18","slug":"multi-function-jump-starter","status":"publish","type":"product","link":"https:\/\/everlastelectrics.com\/fr\/produit\/multi-function-jump-starter\/","title":{"rendered":"D\u00e9marreur \/ Chargeur de batterie multifonctions"},"content":{"rendered":"<p>Notre D\u00e9marreur \/ Chargeur de batterie multifonctions Everlast \u00e9tanche 15000mAh est adapt\u00e9e aux v\u00e9hicules \u00e0 essence et aux petits v\u00e9hicules diesel et peut d\u00e9marrer instantan\u00e9ment la plupart des v\u00e9hicules \u00e0 batterie unique plus de 20 fois sur une seule charge. Ce produit peut \u00e9galement \u00eatre utilis\u00e9 pour charger n'importe quel appareil USB de 5V et pour alimenter des accessoires automobiles de 12V. Il est dot\u00e9 d'une protection contre les basses tensions (pour le produit lui-m\u00eame), d'un circuit anti-\u00e9tincelles, d'une protection contre l'inversion de polarit\u00e9 et d'une protection contre les courts-circuits. La banque d'\u00e9nergie peut \u00eatre recharg\u00e9e plus de 1 000 fois et la charge peut durer jusqu'\u00e0 un an lorsqu'elle est stock\u00e9e. C'est le produit id\u00e9al pour le d\u00e9marrage d'urgence de votre v\u00e9hicule ou pour recharger en cours de route vos appareils portables les plus utilis\u00e9s. L'EP05 est \u00e9galement \u00e9quip\u00e9 d'une puissante lampe de poche LED de 3 W avec 3 modes (HIGH, LOW et STROBE) et d'un affichage de l'\u00e9tat de la batterie et de la puissance pour vous permettre de conna\u00eetre l'autonomie restante. Une sortie 19V 3,5A et des embouts de charge pour recharger les ordinateurs portables sont inclus, ainsi qu'une mallette de rangement pratique pour le d\u00e9marreur et tous ses accessoires.<\/p>","protected":false},"excerpt":{"rendered":"<p>Notre D\u00e9marreur \/ Chargeur de batterie multifonctions Everlast \u00e9tanche 15000mAh est adapt\u00e9e aux v\u00e9hicules \u00e0 essence et aux petits v\u00e9hicules diesel et peut d\u00e9marrer instantan\u00e9ment la plupart des v\u00e9hicules \u00e0 batterie unique plus de 20 fois sur une seule charge.<\/p>","protected":false},"featured_media":6115,"template":"","meta":{"site-sidebar-layout":"default","site-content-layout":"default","ast-site-content-layout":"default","site-content-style":"default","site-sidebar-style":"default","ast-global-header-display":"","ast-banner-title-visibility":"","ast-main-header-display":"","ast-hfb-above-header-display":"","ast-hfb-below-header-display":"","ast-hfb-mobile-header-display":"","site-post-title":"","ast-breadcrumbs-content":"","ast-featured-img":"","footer-sml-layout":"","ast-disable-related-posts":"","theme-transparent-header-meta":"default","adv-header-id-meta":"","stick-header-meta":"","header-above-stick-meta":"","header-main-stick-meta":"","header-below-stick-meta":"","astra-migrate-meta-layouts":"set","ast-page-background-enabled":"default","ast-page-background-meta":{"desktop":{"background-color":"","background-image":"","background-repeat":"repeat","background-position":"center center","background-size":"auto","background-attachment":"scroll","background-type":"","background-media":"","overlay-type":"","overlay-color":"","overlay-opacity":"","overlay-gradient":""},"tablet":{"background-color":"","background-image":"","background-repeat":"repeat","background-position":"center center","background-size":"auto","background-attachment":"scroll","background-type":"","background-media":"","overlay-type":"","overlay-color":"","overlay-opacity":"","overlay-gradient":""},"mobile":{"background-color":"","background-image":"","background-repeat":"repeat","background-position":"center center","background-size":"auto","background-attachment":"scroll","background-type":"","background-media":"","overlay-type":"","overlay-color":"","overlay-opacity":"","overlay-gradient":""}},"ast-content-background-meta":{"desktop":{"background-color":"var(--ast-global-color-5)","background-image":"","background-repeat":"repeat","background-position":"center center","background-size":"auto","background-attachment":"scroll","background-type":"","background-media":"","overlay-type":"","overlay-color":"","overlay-opacity":"","overlay-gradient":""},"tablet":{"background-color":"var(--ast-global-color-5)","background-image":"","background-repeat":"repeat","background-position":"center center","background-size":"auto","background-attachment":"scroll","background-type":"","background-media":"","overlay-type":"","overlay-color":"","overlay-opacity":"","overlay-gradient":""},"mobile":{"background-color":"var(--ast-global-color-5)","background-image":"","background-repeat":"repeat","background-position":"center center","background-size":"auto","background-attachment":"scroll","background-type":"","background-media":"","overlay-type":"","overlay-color":"","overlay-opacity":"","overlay-gradient":""}}},"product_brand":[],"product_cat":[24],"product_tag":[],"class_list":{"0":"post-6114","1":"product","2":"type-product","3":"status-publish","4":"has-post-thumbnail","6":"product_cat-electrical-supplies","7":"desktop-align-center","8":"tablet-align-center","9":"mobile-align-center","11":"first","12":"instock","13":"featured","14":"shipping-taxable","15":"product-type-simple"},"_links":{"self":[{"href":"https:\/\/everlastelectrics.com\/fr\/wp-json\/wp\/v2\/product\/6114","targetHints":{"allow":["GET"]}}],"collection":[{"href":"https:\/\/everlastelectrics.com\/fr\/wp-json\/wp\/v2\/product"}],"about":[{"href":"https:\/\/everlastelectrics.com\/fr\/wp-json\/wp\/v2\/types\/product"}],"wp:featuredmedia":[{"embeddable":true,"href":"https:\/\/everlastelectrics.com\/fr\/wp-json\/wp\/v2\/media\/6115"}],"wp:attachment":[{"href":"https:\/\/everlastelectrics.com\/fr\/wp-json\/wp\/v2\/media?parent=6114"}],"wp:term":[{"taxonomy":"product_brand","embeddable":true,"href":"https:\/\/everlastelectrics.com\/fr\/wp-json\/wp\/v2\/product_brand?post=6114"},{"taxonomy":"product_cat","embeddable":true,"href":"https:\/\/everlastelectrics.com\/fr\/wp-json\/wp\/v2\/product_cat?post=6114"},{"taxonomy":"product_tag","embeddable":true,"href":"https:\/\/everlastelectrics.com\/fr\/wp-json\/wp\/v2\/product_tag?post=6114"}],"curies":[{"name":"wp","href":"https:\/\/api.w.org\/{rel}","templated":true}]}}