{"id":6110,"date":"2024-04-25T14:58:56","date_gmt":"2024-04-25T18:58:56","guid":{"rendered":"https:\/\/everlastelectrics.com\/?post_type=product&#038;p=6110"},"modified":"2024-04-25T15:04:48","modified_gmt":"2024-04-25T19:04:48","slug":"battery-terminal-brush","status":"publish","type":"product","link":"https:\/\/everlastelectrics.com\/fr\/produit\/battery-terminal-brush\/","title":{"rendered":"Brosse pour bornes de batterie"},"content":{"rendered":"<p>La brosse pour bornes de batterie Everlast est fabriqu\u00e9e selon nos sp\u00e9cifications \u00e0 partir de fils d'acier inoxydable pour r\u00e9sister \u00e0 la corrosion. Elle nettoie la corrosion et la salet\u00e9 des bornes de la batterie et des serre-c\u00e2bles. Les brosses m\u00e9talliques internes et externes sont plac\u00e9es dans un bo\u00eetier m\u00e9tallique.<\/p>","protected":false},"excerpt":{"rendered":"<p>La brosse pour bornes de batterie Everlast est fabriqu\u00e9e selon nos sp\u00e9cifications \u00e0 partir de fils d'acier inoxydable pour r\u00e9sister \u00e0 la corrosion.<\/p>","protected":false},"featured_media":6111,"template":"","meta":{"site-sidebar-layout":"default","site-content-layout":"default","ast-site-content-layout":"default","site-content-style":"default","site-sidebar-style":"default","ast-global-header-display":"","ast-banner-title-visibility":"","ast-main-header-display":"","ast-hfb-above-header-display":"","ast-hfb-below-header-display":"","ast-hfb-mobile-header-display":"","site-post-title":"","ast-breadcrumbs-content":"","ast-featured-img":"","footer-sml-layout":"","ast-disable-related-posts":"","theme-transparent-header-meta":"default","adv-header-id-meta":"","stick-header-meta":"","header-above-stick-meta":"","header-main-stick-meta":"","header-below-stick-meta":"","astra-migrate-meta-layouts":"set","ast-page-background-enabled":"default","ast-page-background-meta":{"desktop":{"background-color":"","background-image":"","background-repeat":"repeat","background-position":"center center","background-size":"auto","background-attachment":"scroll","background-type":"","background-media":"","overlay-type":"","overlay-color":"","overlay-opacity":"","overlay-gradient":""},"tablet":{"background-color":"","background-image":"","background-repeat":"repeat","background-position":"center center","background-size":"auto","background-attachment":"scroll","background-type":"","background-media":"","overlay-type":"","overlay-color":"","overlay-opacity":"","overlay-gradient":""},"mobile":{"background-color":"","background-image":"","background-repeat":"repeat","background-position":"center center","background-size":"auto","background-attachment":"scroll","background-type":"","background-media":"","overlay-type":"","overlay-color":"","overlay-opacity":"","overlay-gradient":""}},"ast-content-background-meta":{"desktop":{"background-color":"var(--ast-global-color-5)","background-image":"","background-repeat":"repeat","background-position":"center center","background-size":"auto","background-attachment":"scroll","background-type":"","background-media":"","overlay-type":"","overlay-color":"","overlay-opacity":"","overlay-gradient":""},"tablet":{"background-color":"var(--ast-global-color-5)","background-image":"","background-repeat":"repeat","background-position":"center center","background-size":"auto","background-attachment":"scroll","background-type":"","background-media":"","overlay-type":"","overlay-color":"","overlay-opacity":"","overlay-gradient":""},"mobile":{"background-color":"var(--ast-global-color-5)","background-image":"","background-repeat":"repeat","background-position":"center center","background-size":"auto","background-attachment":"scroll","background-type":"","background-media":"","overlay-type":"","overlay-color":"","overlay-opacity":"","overlay-gradient":""}}},"product_brand":[],"product_cat":[24],"product_tag":[],"class_list":{"0":"post-6110","1":"product","2":"type-product","3":"status-publish","4":"has-post-thumbnail","6":"product_cat-electrical-supplies","7":"desktop-align-center","8":"tablet-align-center","9":"mobile-align-center","11":"first","12":"instock","13":"featured","14":"shipping-taxable","15":"product-type-simple"},"_links":{"self":[{"href":"https:\/\/everlastelectrics.com\/fr\/wp-json\/wp\/v2\/product\/6110","targetHints":{"allow":["GET"]}}],"collection":[{"href":"https:\/\/everlastelectrics.com\/fr\/wp-json\/wp\/v2\/product"}],"about":[{"href":"https:\/\/everlastelectrics.com\/fr\/wp-json\/wp\/v2\/types\/product"}],"wp:featuredmedia":[{"embeddable":true,"href":"https:\/\/everlastelectrics.com\/fr\/wp-json\/wp\/v2\/media\/6111"}],"wp:attachment":[{"href":"https:\/\/everlastelectrics.com\/fr\/wp-json\/wp\/v2\/media?parent=6110"}],"wp:term":[{"taxonomy":"product_brand","embeddable":true,"href":"https:\/\/everlastelectrics.com\/fr\/wp-json\/wp\/v2\/product_brand?post=6110"},{"taxonomy":"product_cat","embeddable":true,"href":"https:\/\/everlastelectrics.com\/fr\/wp-json\/wp\/v2\/product_cat?post=6110"},{"taxonomy":"product_tag","embeddable":true,"href":"https:\/\/everlastelectrics.com\/fr\/wp-json\/wp\/v2\/product_tag?post=6110"}],"curies":[{"name":"wp","href":"https:\/\/api.w.org\/{rel}","templated":true}]}}