{"id":6014,"date":"2024-04-25T02:10:44","date_gmt":"2024-04-25T06:10:44","guid":{"rendered":"https:\/\/everlastelectrics.com\/?post_type=product&#038;p=6014"},"modified":"2024-04-25T02:36:20","modified_gmt":"2024-04-25T06:36:20","slug":"battery-side-terminals","status":"publish","type":"product","link":"https:\/\/everlastelectrics.com\/fr\/produit\/battery-side-terminals\/","title":{"rendered":"Bornes lat\u00e9rales pour batterie"},"content":{"rendered":"<p>Nos bornes lat\u00e9rales pour batterie sont des remplacements de haute qualit\u00e9 qui garantissent un d\u00e9marrage en douceur \u00e0 chaque fois que vous mettez le contact. Elles sont disponibles dans une vari\u00e9t\u00e9 de styles pour des applications telles que les automobiles, les camions et les bateaux. Elles sont emball\u00e9es dans une carte et sont livr\u00e9es par 5 pi\u00e8ces.<\/p>","protected":false},"excerpt":{"rendered":"<p>Nos bornes lat\u00e9rales pour batterie sont des remplacements de haute qualit\u00e9 qui garantissent un d\u00e9marrage en douceur \u00e0 chaque fois que vous mettez le contact.<\/p>","protected":false},"featured_media":6015,"template":"","meta":{"site-sidebar-layout":"default","site-content-layout":"default","ast-site-content-layout":"default","site-content-style":"default","site-sidebar-style":"default","ast-global-header-display":"","ast-banner-title-visibility":"","ast-main-header-display":"","ast-hfb-above-header-display":"","ast-hfb-below-header-display":"","ast-hfb-mobile-header-display":"","site-post-title":"","ast-breadcrumbs-content":"","ast-featured-img":"","footer-sml-layout":"","ast-disable-related-posts":"","theme-transparent-header-meta":"default","adv-header-id-meta":"","stick-header-meta":"","header-above-stick-meta":"","header-main-stick-meta":"","header-below-stick-meta":"","astra-migrate-meta-layouts":"set","ast-page-background-enabled":"default","ast-page-background-meta":{"desktop":{"background-color":"","background-image":"","background-repeat":"repeat","background-position":"center center","background-size":"auto","background-attachment":"scroll","background-type":"","background-media":"","overlay-type":"","overlay-color":"","overlay-opacity":"","overlay-gradient":""},"tablet":{"background-color":"","background-image":"","background-repeat":"repeat","background-position":"center center","background-size":"auto","background-attachment":"scroll","background-type":"","background-media":"","overlay-type":"","overlay-color":"","overlay-opacity":"","overlay-gradient":""},"mobile":{"background-color":"","background-image":"","background-repeat":"repeat","background-position":"center center","background-size":"auto","background-attachment":"scroll","background-type":"","background-media":"","overlay-type":"","overlay-color":"","overlay-opacity":"","overlay-gradient":""}},"ast-content-background-meta":{"desktop":{"background-color":"var(--ast-global-color-5)","background-image":"","background-repeat":"repeat","background-position":"center center","background-size":"auto","background-attachment":"scroll","background-type":"","background-media":"","overlay-type":"","overlay-color":"","overlay-opacity":"","overlay-gradient":""},"tablet":{"background-color":"var(--ast-global-color-5)","background-image":"","background-repeat":"repeat","background-position":"center center","background-size":"auto","background-attachment":"scroll","background-type":"","background-media":"","overlay-type":"","overlay-color":"","overlay-opacity":"","overlay-gradient":""},"mobile":{"background-color":"var(--ast-global-color-5)","background-image":"","background-repeat":"repeat","background-position":"center center","background-size":"auto","background-attachment":"scroll","background-type":"","background-media":"","overlay-type":"","overlay-color":"","overlay-opacity":"","overlay-gradient":""}}},"product_brand":[],"product_cat":[24],"product_tag":[],"class_list":{"0":"post-6014","1":"product","2":"type-product","3":"status-publish","4":"has-post-thumbnail","6":"product_cat-electrical-supplies","7":"desktop-align-center","8":"tablet-align-center","9":"mobile-align-center","11":"first","12":"instock","13":"featured","14":"shipping-taxable","15":"product-type-simple"},"_links":{"self":[{"href":"https:\/\/everlastelectrics.com\/fr\/wp-json\/wp\/v2\/product\/6014","targetHints":{"allow":["GET"]}}],"collection":[{"href":"https:\/\/everlastelectrics.com\/fr\/wp-json\/wp\/v2\/product"}],"about":[{"href":"https:\/\/everlastelectrics.com\/fr\/wp-json\/wp\/v2\/types\/product"}],"wp:featuredmedia":[{"embeddable":true,"href":"https:\/\/everlastelectrics.com\/fr\/wp-json\/wp\/v2\/media\/6015"}],"wp:attachment":[{"href":"https:\/\/everlastelectrics.com\/fr\/wp-json\/wp\/v2\/media?parent=6014"}],"wp:term":[{"taxonomy":"product_brand","embeddable":true,"href":"https:\/\/everlastelectrics.com\/fr\/wp-json\/wp\/v2\/product_brand?post=6014"},{"taxonomy":"product_cat","embeddable":true,"href":"https:\/\/everlastelectrics.com\/fr\/wp-json\/wp\/v2\/product_cat?post=6014"},{"taxonomy":"product_tag","embeddable":true,"href":"https:\/\/everlastelectrics.com\/fr\/wp-json\/wp\/v2\/product_tag?post=6014"}],"curies":[{"name":"wp","href":"https:\/\/api.w.org\/{rel}","templated":true}]}}