{"id":6012,"date":"2024-04-25T02:00:58","date_gmt":"2024-04-25T06:00:58","guid":{"rendered":"https:\/\/everlastelectrics.com\/?post_type=product&#038;p=6012"},"modified":"2024-04-25T02:09:04","modified_gmt":"2024-04-25T06:09:04","slug":"battery-terminals-universal","status":"publish","type":"product","link":"https:\/\/everlastelectrics.com\/fr\/produit\/battery-terminals-universal\/","title":{"rendered":"Bornes pour batterie (universelle)"},"content":{"rendered":"<p>Nos bornes de batterie universelles robustes sont sp\u00e9cialement con\u00e7ues pour les camions et relient la batterie au syst\u00e8me \u00e9lectrique du v\u00e9hicule. Elles permettent le flux d'\u00e9lectricit\u00e9 de la batterie vers le v\u00e9hicule, ce qui permet \u00e0 ce dernier de fonctionner. Elles sont fabriqu\u00e9es en m\u00e9tal et se fixent aux extr\u00e9mit\u00e9s positive et n\u00e9gative de la batterie. Ils sont pr\u00e9sent\u00e9s sous forme de carte et sont livr\u00e9s par 10 pi\u00e8ces.<\/p>","protected":false},"excerpt":{"rendered":"<p>Nos bornes de batterie universelles robustes sont sp\u00e9cialement con\u00e7ues pour les camions et relient la batterie au syst\u00e8me \u00e9lectrique du v\u00e9hicule.<\/p>","protected":false},"featured_media":6013,"template":"","meta":{"site-sidebar-layout":"default","site-content-layout":"default","ast-site-content-layout":"default","site-content-style":"default","site-sidebar-style":"default","ast-global-header-display":"","ast-banner-title-visibility":"","ast-main-header-display":"","ast-hfb-above-header-display":"","ast-hfb-below-header-display":"","ast-hfb-mobile-header-display":"","site-post-title":"","ast-breadcrumbs-content":"","ast-featured-img":"","footer-sml-layout":"","ast-disable-related-posts":"","theme-transparent-header-meta":"default","adv-header-id-meta":"","stick-header-meta":"","header-above-stick-meta":"","header-main-stick-meta":"","header-below-stick-meta":"","astra-migrate-meta-layouts":"set","ast-page-background-enabled":"default","ast-page-background-meta":{"desktop":{"background-color":"","background-image":"","background-repeat":"repeat","background-position":"center center","background-size":"auto","background-attachment":"scroll","background-type":"","background-media":"","overlay-type":"","overlay-color":"","overlay-opacity":"","overlay-gradient":""},"tablet":{"background-color":"","background-image":"","background-repeat":"repeat","background-position":"center center","background-size":"auto","background-attachment":"scroll","background-type":"","background-media":"","overlay-type":"","overlay-color":"","overlay-opacity":"","overlay-gradient":""},"mobile":{"background-color":"","background-image":"","background-repeat":"repeat","background-position":"center center","background-size":"auto","background-attachment":"scroll","background-type":"","background-media":"","overlay-type":"","overlay-color":"","overlay-opacity":"","overlay-gradient":""}},"ast-content-background-meta":{"desktop":{"background-color":"var(--ast-global-color-5)","background-image":"","background-repeat":"repeat","background-position":"center center","background-size":"auto","background-attachment":"scroll","background-type":"","background-media":"","overlay-type":"","overlay-color":"","overlay-opacity":"","overlay-gradient":""},"tablet":{"background-color":"var(--ast-global-color-5)","background-image":"","background-repeat":"repeat","background-position":"center center","background-size":"auto","background-attachment":"scroll","background-type":"","background-media":"","overlay-type":"","overlay-color":"","overlay-opacity":"","overlay-gradient":""},"mobile":{"background-color":"var(--ast-global-color-5)","background-image":"","background-repeat":"repeat","background-position":"center center","background-size":"auto","background-attachment":"scroll","background-type":"","background-media":"","overlay-type":"","overlay-color":"","overlay-opacity":"","overlay-gradient":""}}},"product_brand":[],"product_cat":[24],"product_tag":[],"class_list":{"0":"post-6012","1":"product","2":"type-product","3":"status-publish","4":"has-post-thumbnail","6":"product_cat-electrical-supplies","7":"desktop-align-center","8":"tablet-align-center","9":"mobile-align-center","11":"first","12":"instock","13":"featured","14":"shipping-taxable","15":"product-type-simple"},"_links":{"self":[{"href":"https:\/\/everlastelectrics.com\/fr\/wp-json\/wp\/v2\/product\/6012","targetHints":{"allow":["GET"]}}],"collection":[{"href":"https:\/\/everlastelectrics.com\/fr\/wp-json\/wp\/v2\/product"}],"about":[{"href":"https:\/\/everlastelectrics.com\/fr\/wp-json\/wp\/v2\/types\/product"}],"wp:featuredmedia":[{"embeddable":true,"href":"https:\/\/everlastelectrics.com\/fr\/wp-json\/wp\/v2\/media\/6013"}],"wp:attachment":[{"href":"https:\/\/everlastelectrics.com\/fr\/wp-json\/wp\/v2\/media?parent=6012"}],"wp:term":[{"taxonomy":"product_brand","embeddable":true,"href":"https:\/\/everlastelectrics.com\/fr\/wp-json\/wp\/v2\/product_brand?post=6012"},{"taxonomy":"product_cat","embeddable":true,"href":"https:\/\/everlastelectrics.com\/fr\/wp-json\/wp\/v2\/product_cat?post=6012"},{"taxonomy":"product_tag","embeddable":true,"href":"https:\/\/everlastelectrics.com\/fr\/wp-json\/wp\/v2\/product_tag?post=6012"}],"curies":[{"name":"wp","href":"https:\/\/api.w.org\/{rel}","templated":true}]}}