{"id":241,"date":"2024-05-12T07:13:55","date_gmt":"2024-05-12T11:13:55","guid":{"rendered":"https:\/\/everlastelectrics.com\/product\/hand-sanitizer\/"},"modified":"2024-05-15T11:34:59","modified_gmt":"2024-05-15T15:34:59","slug":"camshaft-sensors","status":"publish","type":"product","link":"https:\/\/everlastelectrics.com\/fr\/produit\/camshaft-sensors\/","title":{"rendered":"Capteurs de position d\u2019arbre \u00e0 cames"},"content":{"rendered":"<p>Le capteur de position d'arbre \u00e0 cames surveille la position de rotation de l'arbre \u00e0 cames par rapport \u00e0 la position du vilebrequin. Ces donn\u00e9es sont envoy\u00e9es \u00e0 l'ECU du v\u00e9hicule, o\u00f9 elles sont utilis\u00e9es pour r\u00e9gler le temps d'allumage et le fonctionnement des injecteurs de carburant. Il existe deux types de capteurs d'arbre \u00e0 cames : Les capteurs magn\u00e9tiques et les capteurs \u00e0 effet Hall. Le type magn\u00e9tique produit son propre signal CA (courant alternatif) (une onde sinuso\u00efdale) et est reconnaissable \u00e0 ses deux fils. Le capteur \u00e0 effet Hall utilise une source d'\u00e9nergie externe pour produire un signal num\u00e9rique (une \"onde carr\u00e9e\", marche ou arr\u00eat) et poss\u00e8de trois fils. Pour que le moteur fonctionne correctement, les vitesses du vilebrequin et de l'arbre \u00e0 cames doivent \u00eatre synchronis\u00e9es.<\/p>","protected":false},"excerpt":{"rendered":"<p>Le capteur de position d'arbre \u00e0 cames surveille la position de rotation de l'arbre \u00e0 cames par rapport \u00e0 la position du vilebrequin.<\/p>","protected":false},"featured_media":5616,"template":"","meta":{"site-sidebar-layout":"default","site-content-layout":"default","ast-site-content-layout":"default","site-content-style":"default","site-sidebar-style":"default","ast-global-header-display":"","ast-banner-title-visibility":"","ast-main-header-display":"","ast-hfb-above-header-display":"","ast-hfb-below-header-display":"","ast-hfb-mobile-header-display":"","site-post-title":"","ast-breadcrumbs-content":"","ast-featured-img":"","footer-sml-layout":"","ast-disable-related-posts":"","theme-transparent-header-meta":"default","adv-header-id-meta":"","stick-header-meta":"","header-above-stick-meta":"","header-main-stick-meta":"","header-below-stick-meta":"","astra-migrate-meta-layouts":"set","ast-page-background-enabled":"default","ast-page-background-meta":{"desktop":{"background-color":"","background-image":"","background-repeat":"repeat","background-position":"center center","background-size":"auto","background-attachment":"scroll","background-type":"","background-media":"","overlay-type":"","overlay-color":"","overlay-opacity":"","overlay-gradient":""},"tablet":{"background-color":"","background-image":"","background-repeat":"repeat","background-position":"center center","background-size":"auto","background-attachment":"scroll","background-type":"","background-media":"","overlay-type":"","overlay-color":"","overlay-opacity":"","overlay-gradient":""},"mobile":{"background-color":"","background-image":"","background-repeat":"repeat","background-position":"center center","background-size":"auto","background-attachment":"scroll","background-type":"","background-media":"","overlay-type":"","overlay-color":"","overlay-opacity":"","overlay-gradient":""}},"ast-content-background-meta":{"desktop":{"background-color":"var(--ast-global-color-5)","background-image":"","background-repeat":"repeat","background-position":"center center","background-size":"auto","background-attachment":"scroll","background-type":"","background-media":"","overlay-type":"","overlay-color":"","overlay-opacity":"","overlay-gradient":""},"tablet":{"background-color":"var(--ast-global-color-5)","background-image":"","background-repeat":"repeat","background-position":"center center","background-size":"auto","background-attachment":"scroll","background-type":"","background-media":"","overlay-type":"","overlay-color":"","overlay-opacity":"","overlay-gradient":""},"mobile":{"background-color":"var(--ast-global-color-5)","background-image":"","background-repeat":"repeat","background-position":"center center","background-size":"auto","background-attachment":"scroll","background-type":"","background-media":"","overlay-type":"","overlay-color":"","overlay-opacity":"","overlay-gradient":""}}},"product_brand":[],"product_cat":[23],"product_tag":[],"class_list":{"0":"post-241","1":"product","2":"type-product","3":"status-publish","4":"has-post-thumbnail","6":"product_cat-sensors","7":"desktop-align-center","8":"tablet-align-center","9":"mobile-align-center","11":"first","12":"instock","13":"featured","14":"shipping-taxable","15":"product-type-simple"},"_links":{"self":[{"href":"https:\/\/everlastelectrics.com\/fr\/wp-json\/wp\/v2\/product\/241","targetHints":{"allow":["GET"]}}],"collection":[{"href":"https:\/\/everlastelectrics.com\/fr\/wp-json\/wp\/v2\/product"}],"about":[{"href":"https:\/\/everlastelectrics.com\/fr\/wp-json\/wp\/v2\/types\/product"}],"wp:featuredmedia":[{"embeddable":true,"href":"https:\/\/everlastelectrics.com\/fr\/wp-json\/wp\/v2\/media\/5616"}],"wp:attachment":[{"href":"https:\/\/everlastelectrics.com\/fr\/wp-json\/wp\/v2\/media?parent=241"}],"wp:term":[{"taxonomy":"product_brand","embeddable":true,"href":"https:\/\/everlastelectrics.com\/fr\/wp-json\/wp\/v2\/product_brand?post=241"},{"taxonomy":"product_cat","embeddable":true,"href":"https:\/\/everlastelectrics.com\/fr\/wp-json\/wp\/v2\/product_cat?post=241"},{"taxonomy":"product_tag","embeddable":true,"href":"https:\/\/everlastelectrics.com\/fr\/wp-json\/wp\/v2\/product_tag?post=241"}],"curies":[{"name":"wp","href":"https:\/\/api.w.org\/{rel}","templated":true}]}}