{"id":174,"date":"2024-05-12T13:53:16","date_gmt":"2024-05-12T17:53:16","guid":{"rendered":"https:\/\/everlastelectrics.com\/product\/farm-fresh-eggs\/"},"modified":"2024-05-15T11:35:09","modified_gmt":"2024-05-15T15:35:09","slug":"coolant-temperature-sensors","status":"publish","type":"product","link":"https:\/\/everlastelectrics.com\/fr\/produit\/coolant-temperature-sensors\/","title":{"rendered":"Capteur de temp\u00e9rature\npour liquide de refroidissement"},"content":{"rendered":"<p>Le capteur de temp\u00e9rature du liquide de refroidissement, \u00e9galement appel\u00e9 commutateur de temp\u00e9rature du liquide de refroidissement, est un capteur du syst\u00e8me de gestion du moteur utilis\u00e9 pour surveiller la temp\u00e9rature du liquide de refroidissement. La plupart des capteurs de temp\u00e9rature du liquide de refroidissement utilisent une r\u00e9sistance \u00e9lectrique pour mesurer la temp\u00e9rature du liquide de refroidissement. Ce signal est ensuite envoy\u00e9 \u00e0 l'unit\u00e9 de contr\u00f4le \u00e9lectronique (ECU) afin que des modifications soient apport\u00e9es au calage du moteur et au m\u00e9lange air\/carburant pour des performances optimales, car les moteurs n\u00e9cessitent plus de carburant lorsqu'ils sont froids et moins de carburant lorsqu'ils sont compl\u00e8tement r\u00e9chauff\u00e9s. L'ordinateur r\u00e9duira \u00e9galement les param\u00e8tres de performance du moteur s'il d\u00e9tecte que la temp\u00e9rature du moteur est trop \u00e9lev\u00e9e, afin de prot\u00e9ger le moteur d'\u00e9ventuels dommages dus \u00e0 la surchauffe. La temp\u00e9rature jouant un r\u00f4le essentiel dans le calcul des performances du moteur, un probl\u00e8me au niveau du capteur de temp\u00e9rature du liquide de refroidissement peut rapidement se traduire par des probl\u00e8mes de performances du moteur.<\/p>","protected":false},"excerpt":{"rendered":"<p>Le capteur de temp\u00e9rature du liquide de refroidissement, \u00e9galement appel\u00e9 commutateur de temp\u00e9rature du liquide de refroidissement, est un capteur du syst\u00e8me de gestion du moteur utilis\u00e9 pour surveiller la temp\u00e9rature du liquide de refroidissement<\/p>","protected":false},"featured_media":5619,"template":"","meta":{"site-sidebar-layout":"default","site-content-layout":"default","ast-site-content-layout":"default","site-content-style":"default","site-sidebar-style":"default","ast-global-header-display":"","ast-banner-title-visibility":"","ast-main-header-display":"","ast-hfb-above-header-display":"","ast-hfb-below-header-display":"","ast-hfb-mobile-header-display":"","site-post-title":"","ast-breadcrumbs-content":"","ast-featured-img":"","footer-sml-layout":"","ast-disable-related-posts":"","theme-transparent-header-meta":"default","adv-header-id-meta":"","stick-header-meta":"","header-above-stick-meta":"","header-main-stick-meta":"","header-below-stick-meta":"","astra-migrate-meta-layouts":"set","ast-page-background-enabled":"default","ast-page-background-meta":{"desktop":{"background-color":"","background-image":"","background-repeat":"repeat","background-position":"center center","background-size":"auto","background-attachment":"scroll","background-type":"","background-media":"","overlay-type":"","overlay-color":"","overlay-opacity":"","overlay-gradient":""},"tablet":{"background-color":"","background-image":"","background-repeat":"repeat","background-position":"center center","background-size":"auto","background-attachment":"scroll","background-type":"","background-media":"","overlay-type":"","overlay-color":"","overlay-opacity":"","overlay-gradient":""},"mobile":{"background-color":"","background-image":"","background-repeat":"repeat","background-position":"center center","background-size":"auto","background-attachment":"scroll","background-type":"","background-media":"","overlay-type":"","overlay-color":"","overlay-opacity":"","overlay-gradient":""}},"ast-content-background-meta":{"desktop":{"background-color":"var(--ast-global-color-5)","background-image":"","background-repeat":"repeat","background-position":"center center","background-size":"auto","background-attachment":"scroll","background-type":"","background-media":"","overlay-type":"","overlay-color":"","overlay-opacity":"","overlay-gradient":""},"tablet":{"background-color":"var(--ast-global-color-5)","background-image":"","background-repeat":"repeat","background-position":"center center","background-size":"auto","background-attachment":"scroll","background-type":"","background-media":"","overlay-type":"","overlay-color":"","overlay-opacity":"","overlay-gradient":""},"mobile":{"background-color":"var(--ast-global-color-5)","background-image":"","background-repeat":"repeat","background-position":"center center","background-size":"auto","background-attachment":"scroll","background-type":"","background-media":"","overlay-type":"","overlay-color":"","overlay-opacity":"","overlay-gradient":""}}},"product_brand":[],"product_cat":[23],"product_tag":[],"class_list":{"0":"post-174","1":"product","2":"type-product","3":"status-publish","4":"has-post-thumbnail","6":"product_cat-sensors","7":"desktop-align-center","8":"tablet-align-center","9":"mobile-align-center","11":"first","12":"instock","13":"featured","14":"shipping-taxable","15":"product-type-simple"},"_links":{"self":[{"href":"https:\/\/everlastelectrics.com\/fr\/wp-json\/wp\/v2\/product\/174","targetHints":{"allow":["GET"]}}],"collection":[{"href":"https:\/\/everlastelectrics.com\/fr\/wp-json\/wp\/v2\/product"}],"about":[{"href":"https:\/\/everlastelectrics.com\/fr\/wp-json\/wp\/v2\/types\/product"}],"wp:featuredmedia":[{"embeddable":true,"href":"https:\/\/everlastelectrics.com\/fr\/wp-json\/wp\/v2\/media\/5619"}],"wp:attachment":[{"href":"https:\/\/everlastelectrics.com\/fr\/wp-json\/wp\/v2\/media?parent=174"}],"wp:term":[{"taxonomy":"product_brand","embeddable":true,"href":"https:\/\/everlastelectrics.com\/fr\/wp-json\/wp\/v2\/product_brand?post=174"},{"taxonomy":"product_cat","embeddable":true,"href":"https:\/\/everlastelectrics.com\/fr\/wp-json\/wp\/v2\/product_cat?post=174"},{"taxonomy":"product_tag","embeddable":true,"href":"https:\/\/everlastelectrics.com\/fr\/wp-json\/wp\/v2\/product_tag?post=174"}],"curies":[{"name":"wp","href":"https:\/\/api.w.org\/{rel}","templated":true}]}}