{"id":170,"date":"2024-05-12T13:45:22","date_gmt":"2024-05-12T17:45:22","guid":{"rendered":"https:\/\/everlastelectrics.com\/product\/natural-extracted-olive-oil\/"},"modified":"2024-05-15T11:34:16","modified_gmt":"2024-05-15T15:34:16","slug":"map-sensors","status":"publish","type":"product","link":"https:\/\/everlastelectrics.com\/fr\/produit\/map-sensors\/","title":{"rendered":"Capteurs de pression absolue"},"content":{"rendered":"<p>Le capteur de pression absolue du collecteur (capteur MAP) est l'un des capteurs utilis\u00e9s dans le syst\u00e8me de contr\u00f4le \u00e9lectronique (ECU) d'un v\u00e9hicule. Les moteurs qui utilisent un capteur MAP sont g\u00e9n\u00e9ralement \u00e0 injection. Le capteur MAP fournit des informations instantan\u00e9es sur la pression du collecteur \u00e0 l'ordinateur du moteur (ECU). Les donn\u00e9es sont utilis\u00e9es pour calculer la densit\u00e9 de l'air et d\u00e9terminer le d\u00e9bit massique d'air du moteur, ce qui d\u00e9termine le dosage du carburant n\u00e9cessaire pour une combustion optimale et influence l'avance ou le retard de l'allumage. Un capteur de cartographie d\u00e9fectueux peut entra\u00eener une suralimentation ou une sous-alimentation du v\u00e9hicule, ce qui affecte le calage de l'allumage et nuit au bon fonctionnement du moteur.<\/p>","protected":false},"excerpt":{"rendered":"<p>Le capteur de pression absolue du collecteur (capteur MAP) est l'un des capteurs utilis\u00e9s dans le syst\u00e8me de contr\u00f4le \u00e9lectronique (ECU) d'un v\u00e9hicule.<\/p>","protected":false},"featured_media":5635,"template":"","meta":{"site-sidebar-layout":"default","site-content-layout":"default","ast-site-content-layout":"default","site-content-style":"default","site-sidebar-style":"default","ast-global-header-display":"","ast-banner-title-visibility":"","ast-main-header-display":"","ast-hfb-above-header-display":"","ast-hfb-below-header-display":"","ast-hfb-mobile-header-display":"","site-post-title":"","ast-breadcrumbs-content":"","ast-featured-img":"","footer-sml-layout":"","ast-disable-related-posts":"","theme-transparent-header-meta":"default","adv-header-id-meta":"","stick-header-meta":"","header-above-stick-meta":"","header-main-stick-meta":"","header-below-stick-meta":"","astra-migrate-meta-layouts":"set","ast-page-background-enabled":"default","ast-page-background-meta":{"desktop":{"background-color":"","background-image":"","background-repeat":"repeat","background-position":"center center","background-size":"auto","background-attachment":"scroll","background-type":"","background-media":"","overlay-type":"","overlay-color":"","overlay-opacity":"","overlay-gradient":""},"tablet":{"background-color":"","background-image":"","background-repeat":"repeat","background-position":"center center","background-size":"auto","background-attachment":"scroll","background-type":"","background-media":"","overlay-type":"","overlay-color":"","overlay-opacity":"","overlay-gradient":""},"mobile":{"background-color":"","background-image":"","background-repeat":"repeat","background-position":"center center","background-size":"auto","background-attachment":"scroll","background-type":"","background-media":"","overlay-type":"","overlay-color":"","overlay-opacity":"","overlay-gradient":""}},"ast-content-background-meta":{"desktop":{"background-color":"var(--ast-global-color-5)","background-image":"","background-repeat":"repeat","background-position":"center center","background-size":"auto","background-attachment":"scroll","background-type":"","background-media":"","overlay-type":"","overlay-color":"","overlay-opacity":"","overlay-gradient":""},"tablet":{"background-color":"var(--ast-global-color-5)","background-image":"","background-repeat":"repeat","background-position":"center center","background-size":"auto","background-attachment":"scroll","background-type":"","background-media":"","overlay-type":"","overlay-color":"","overlay-opacity":"","overlay-gradient":""},"mobile":{"background-color":"var(--ast-global-color-5)","background-image":"","background-repeat":"repeat","background-position":"center center","background-size":"auto","background-attachment":"scroll","background-type":"","background-media":"","overlay-type":"","overlay-color":"","overlay-opacity":"","overlay-gradient":""}}},"product_brand":[],"product_cat":[23],"product_tag":[],"class_list":{"0":"post-170","1":"product","2":"type-product","3":"status-publish","4":"has-post-thumbnail","6":"product_cat-sensors","7":"desktop-align-center","8":"tablet-align-center","9":"mobile-align-center","11":"first","12":"instock","13":"featured","14":"shipping-taxable","15":"product-type-simple"},"_links":{"self":[{"href":"https:\/\/everlastelectrics.com\/fr\/wp-json\/wp\/v2\/product\/170","targetHints":{"allow":["GET"]}}],"collection":[{"href":"https:\/\/everlastelectrics.com\/fr\/wp-json\/wp\/v2\/product"}],"about":[{"href":"https:\/\/everlastelectrics.com\/fr\/wp-json\/wp\/v2\/types\/product"}],"wp:featuredmedia":[{"embeddable":true,"href":"https:\/\/everlastelectrics.com\/fr\/wp-json\/wp\/v2\/media\/5635"}],"wp:attachment":[{"href":"https:\/\/everlastelectrics.com\/fr\/wp-json\/wp\/v2\/media?parent=170"}],"wp:term":[{"taxonomy":"product_brand","embeddable":true,"href":"https:\/\/everlastelectrics.com\/fr\/wp-json\/wp\/v2\/product_brand?post=170"},{"taxonomy":"product_cat","embeddable":true,"href":"https:\/\/everlastelectrics.com\/fr\/wp-json\/wp\/v2\/product_cat?post=170"},{"taxonomy":"product_tag","embeddable":true,"href":"https:\/\/everlastelectrics.com\/fr\/wp-json\/wp\/v2\/product_tag?post=170"}],"curies":[{"name":"wp","href":"https:\/\/api.w.org\/{rel}","templated":true}]}}