{"id":6120,"date":"2024-04-26T01:57:40","date_gmt":"2024-04-26T05:57:40","guid":{"rendered":"https:\/\/everlastelectrics.com\/?post_type=product&#038;p=6120"},"modified":"2024-04-26T02:10:39","modified_gmt":"2024-04-26T06:10:39","slug":"ring-terminals","status":"publish","type":"product","link":"http:\/\/everlastelectrics.com\/fr\/produit\/ring-terminals\/","title":{"rendered":"Terminaux \u00e0 anneaux"},"content":{"rendered":"<p>Nos connecteurs \u00e0 anneau offrent une connexion \u00e9tanche et s\u00fbre dans les zones \u00e0 fortes vibrations. Le manchon isol\u00e9 est solidement fix\u00e9 \u00e0 la poign\u00e9e m\u00e9tallique qui prot\u00e8ge le joint de sertissage. Elles sont propos\u00e9es avec des joints about\u00e9s qui sont dentel\u00e9s sur le corps pour une meilleure prise et une insertion facile du fil \u00e9lectrique. Disponibles en 50 ou 100 pi\u00e8ces et en diff\u00e9rentes tailles de goujons ou de languettes.<\/p>","protected":false},"excerpt":{"rendered":"<p>Nos connecteurs \u00e0 anneau offrent une connexion \u00e9tanche et s\u00fbre dans les zones \u00e0 fortes vibrations.<\/p>","protected":false},"featured_media":6121,"template":"","meta":{"site-sidebar-layout":"default","site-content-layout":"default","ast-site-content-layout":"default","site-content-style":"default","site-sidebar-style":"default","ast-global-header-display":"","ast-banner-title-visibility":"","ast-main-header-display":"","ast-hfb-above-header-display":"","ast-hfb-below-header-display":"","ast-hfb-mobile-header-display":"","site-post-title":"","ast-breadcrumbs-content":"","ast-featured-img":"","footer-sml-layout":"","ast-disable-related-posts":"","theme-transparent-header-meta":"default","adv-header-id-meta":"","stick-header-meta":"","header-above-stick-meta":"","header-main-stick-meta":"","header-below-stick-meta":"","astra-migrate-meta-layouts":"set","ast-page-background-enabled":"default","ast-page-background-meta":{"desktop":{"background-color":"","background-image":"","background-repeat":"repeat","background-position":"center center","background-size":"auto","background-attachment":"scroll","background-type":"","background-media":"","overlay-type":"","overlay-color":"","overlay-opacity":"","overlay-gradient":""},"tablet":{"background-color":"","background-image":"","background-repeat":"repeat","background-position":"center center","background-size":"auto","background-attachment":"scroll","background-type":"","background-media":"","overlay-type":"","overlay-color":"","overlay-opacity":"","overlay-gradient":""},"mobile":{"background-color":"","background-image":"","background-repeat":"repeat","background-position":"center center","background-size":"auto","background-attachment":"scroll","background-type":"","background-media":"","overlay-type":"","overlay-color":"","overlay-opacity":"","overlay-gradient":""}},"ast-content-background-meta":{"desktop":{"background-color":"var(--ast-global-color-5)","background-image":"","background-repeat":"repeat","background-position":"center center","background-size":"auto","background-attachment":"scroll","background-type":"","background-media":"","overlay-type":"","overlay-color":"","overlay-opacity":"","overlay-gradient":""},"tablet":{"background-color":"var(--ast-global-color-5)","background-image":"","background-repeat":"repeat","background-position":"center center","background-size":"auto","background-attachment":"scroll","background-type":"","background-media":"","overlay-type":"","overlay-color":"","overlay-opacity":"","overlay-gradient":""},"mobile":{"background-color":"var(--ast-global-color-5)","background-image":"","background-repeat":"repeat","background-position":"center center","background-size":"auto","background-attachment":"scroll","background-type":"","background-media":"","overlay-type":"","overlay-color":"","overlay-opacity":"","overlay-gradient":""}}},"product_brand":[],"product_cat":[24],"product_tag":[],"class_list":{"0":"post-6120","1":"product","2":"type-product","3":"status-publish","4":"has-post-thumbnail","6":"product_cat-electrical-supplies","7":"desktop-align-center","8":"tablet-align-center","9":"mobile-align-center","11":"first","12":"instock","13":"featured","14":"shipping-taxable","15":"product-type-simple"},"_links":{"self":[{"href":"http:\/\/everlastelectrics.com\/fr\/wp-json\/wp\/v2\/product\/6120","targetHints":{"allow":["GET"]}}],"collection":[{"href":"http:\/\/everlastelectrics.com\/fr\/wp-json\/wp\/v2\/product"}],"about":[{"href":"http:\/\/everlastelectrics.com\/fr\/wp-json\/wp\/v2\/types\/product"}],"wp:featuredmedia":[{"embeddable":true,"href":"http:\/\/everlastelectrics.com\/fr\/wp-json\/wp\/v2\/media\/6121"}],"wp:attachment":[{"href":"http:\/\/everlastelectrics.com\/fr\/wp-json\/wp\/v2\/media?parent=6120"}],"wp:term":[{"taxonomy":"product_brand","embeddable":true,"href":"http:\/\/everlastelectrics.com\/fr\/wp-json\/wp\/v2\/product_brand?post=6120"},{"taxonomy":"product_cat","embeddable":true,"href":"http:\/\/everlastelectrics.com\/fr\/wp-json\/wp\/v2\/product_cat?post=6120"},{"taxonomy":"product_tag","embeddable":true,"href":"http:\/\/everlastelectrics.com\/fr\/wp-json\/wp\/v2\/product_tag?post=6120"}],"curies":[{"name":"wp","href":"https:\/\/api.w.org\/{rel}","templated":true}]}}