{"id":6010,"date":"2024-04-25T01:25:07","date_gmt":"2024-04-25T05:25:07","guid":{"rendered":"https:\/\/everlastelectrics.com\/?post_type=product&#038;p=6010"},"modified":"2024-04-25T01:33:35","modified_gmt":"2024-04-25T05:33:35","slug":"side-terminal-conversion-clamps","status":"publish","type":"product","link":"http:\/\/everlastelectrics.com\/fr\/produit\/side-terminal-conversion-clamps\/","title":{"rendered":"Pinces de conversion pour bornes lat\u00e9rales"},"content":{"rendered":"<p>Nos pinces de conversion pour bornes lat\u00e9rales sont utilis\u00e9es pour convertir les bornes lat\u00e9rales de la batterie en bornes sup\u00e9rieures, ce qui permet de connecter plus facilement des accessoires tels que des c\u00e2bles de d\u00e9marrage ou des fils suppl\u00e9mentaires. Ces pinces de conversion peuvent \u00eatre particuli\u00e8rement utiles pour les v\u00e9hicules plus anciens ou les installations personnalis\u00e9es qui peuvent n\u00e9cessiter un style de borne diff\u00e9rent de celui qui est actuellement sur la batterie. Elles sont emball\u00e9es dans une carte et sont livr\u00e9es en 2 pi\u00e8ces.<\/p>","protected":false},"excerpt":{"rendered":"<p>Nos pinces de conversion pour bornes lat\u00e9rales sont utilis\u00e9es pour convertir les bornes lat\u00e9rales de la batterie en bornes sup\u00e9rieures, ce qui permet de connecter plus facilement des accessoires tels que des c\u00e2bles de d\u00e9marrage ou des fils suppl\u00e9mentaires.<\/p>","protected":false},"featured_media":6011,"template":"","meta":{"site-sidebar-layout":"default","site-content-layout":"default","ast-site-content-layout":"default","site-content-style":"default","site-sidebar-style":"default","ast-global-header-display":"","ast-banner-title-visibility":"","ast-main-header-display":"","ast-hfb-above-header-display":"","ast-hfb-below-header-display":"","ast-hfb-mobile-header-display":"","site-post-title":"","ast-breadcrumbs-content":"","ast-featured-img":"","footer-sml-layout":"","ast-disable-related-posts":"","theme-transparent-header-meta":"default","adv-header-id-meta":"","stick-header-meta":"","header-above-stick-meta":"","header-main-stick-meta":"","header-below-stick-meta":"","astra-migrate-meta-layouts":"set","ast-page-background-enabled":"default","ast-page-background-meta":{"desktop":{"background-color":"","background-image":"","background-repeat":"repeat","background-position":"center center","background-size":"auto","background-attachment":"scroll","background-type":"","background-media":"","overlay-type":"","overlay-color":"","overlay-opacity":"","overlay-gradient":""},"tablet":{"background-color":"","background-image":"","background-repeat":"repeat","background-position":"center center","background-size":"auto","background-attachment":"scroll","background-type":"","background-media":"","overlay-type":"","overlay-color":"","overlay-opacity":"","overlay-gradient":""},"mobile":{"background-color":"","background-image":"","background-repeat":"repeat","background-position":"center center","background-size":"auto","background-attachment":"scroll","background-type":"","background-media":"","overlay-type":"","overlay-color":"","overlay-opacity":"","overlay-gradient":""}},"ast-content-background-meta":{"desktop":{"background-color":"var(--ast-global-color-5)","background-image":"","background-repeat":"repeat","background-position":"center center","background-size":"auto","background-attachment":"scroll","background-type":"","background-media":"","overlay-type":"","overlay-color":"","overlay-opacity":"","overlay-gradient":""},"tablet":{"background-color":"var(--ast-global-color-5)","background-image":"","background-repeat":"repeat","background-position":"center center","background-size":"auto","background-attachment":"scroll","background-type":"","background-media":"","overlay-type":"","overlay-color":"","overlay-opacity":"","overlay-gradient":""},"mobile":{"background-color":"var(--ast-global-color-5)","background-image":"","background-repeat":"repeat","background-position":"center center","background-size":"auto","background-attachment":"scroll","background-type":"","background-media":"","overlay-type":"","overlay-color":"","overlay-opacity":"","overlay-gradient":""}}},"product_brand":[],"product_cat":[24],"product_tag":[],"class_list":{"0":"post-6010","1":"product","2":"type-product","3":"status-publish","4":"has-post-thumbnail","6":"product_cat-electrical-supplies","7":"desktop-align-center","8":"tablet-align-center","9":"mobile-align-center","11":"first","12":"instock","13":"featured","14":"shipping-taxable","15":"product-type-simple"},"_links":{"self":[{"href":"http:\/\/everlastelectrics.com\/fr\/wp-json\/wp\/v2\/product\/6010","targetHints":{"allow":["GET"]}}],"collection":[{"href":"http:\/\/everlastelectrics.com\/fr\/wp-json\/wp\/v2\/product"}],"about":[{"href":"http:\/\/everlastelectrics.com\/fr\/wp-json\/wp\/v2\/types\/product"}],"wp:featuredmedia":[{"embeddable":true,"href":"http:\/\/everlastelectrics.com\/fr\/wp-json\/wp\/v2\/media\/6011"}],"wp:attachment":[{"href":"http:\/\/everlastelectrics.com\/fr\/wp-json\/wp\/v2\/media?parent=6010"}],"wp:term":[{"taxonomy":"product_brand","embeddable":true,"href":"http:\/\/everlastelectrics.com\/fr\/wp-json\/wp\/v2\/product_brand?post=6010"},{"taxonomy":"product_cat","embeddable":true,"href":"http:\/\/everlastelectrics.com\/fr\/wp-json\/wp\/v2\/product_cat?post=6010"},{"taxonomy":"product_tag","embeddable":true,"href":"http:\/\/everlastelectrics.com\/fr\/wp-json\/wp\/v2\/product_tag?post=6010"}],"curies":[{"name":"wp","href":"https:\/\/api.w.org\/{rel}","templated":true}]}}