{"id":6008,"date":"2024-04-25T01:11:09","date_gmt":"2024-04-25T05:11:09","guid":{"rendered":"https:\/\/everlastelectrics.com\/?post_type=product&#038;p=6008"},"modified":"2024-04-25T01:13:40","modified_gmt":"2024-04-25T05:13:40","slug":"flasher-relay-units","status":"publish","type":"product","link":"http:\/\/everlastelectrics.com\/fr\/produit\/flasher-relay-units\/","title":{"rendered":"Relais pour clignotants"},"content":{"rendered":"<p>Un relais de clignotant automobile est un petit composant \u00e9lectronique du syst\u00e8me \u00e9lectrique du v\u00e9hicule qui contr\u00f4le la synchronisation et la dur\u00e9e des clignotants. Lorsqu'il est activ\u00e9, le relais de clignotant alimente les clignotants et les fait clignoter de mani\u00e8re rythm\u00e9e pour indiquer aux autres conducteurs que vous avez l'intention de tourner ou de changer de voie. Il s'agit d'un \u00e9l\u00e9ment essentiel du syst\u00e8me de signalisation de la voiture, qui assure une communication s\u00fbre et efficace avec les autres usagers de la route.<\/p>","protected":false},"excerpt":{"rendered":"<p>Un relais de clignotant automobile est un petit composant \u00e9lectronique du syst\u00e8me \u00e9lectrique du v\u00e9hicule qui contr\u00f4le la synchronisation et la dur\u00e9e des clignotants.<\/p>","protected":false},"featured_media":6009,"template":"","meta":{"site-sidebar-layout":"default","site-content-layout":"default","ast-site-content-layout":"default","site-content-style":"default","site-sidebar-style":"default","ast-global-header-display":"","ast-banner-title-visibility":"","ast-main-header-display":"","ast-hfb-above-header-display":"","ast-hfb-below-header-display":"","ast-hfb-mobile-header-display":"","site-post-title":"","ast-breadcrumbs-content":"","ast-featured-img":"","footer-sml-layout":"","ast-disable-related-posts":"","theme-transparent-header-meta":"default","adv-header-id-meta":"","stick-header-meta":"","header-above-stick-meta":"","header-main-stick-meta":"","header-below-stick-meta":"","astra-migrate-meta-layouts":"set","ast-page-background-enabled":"default","ast-page-background-meta":{"desktop":{"background-color":"","background-image":"","background-repeat":"repeat","background-position":"center center","background-size":"auto","background-attachment":"scroll","background-type":"","background-media":"","overlay-type":"","overlay-color":"","overlay-opacity":"","overlay-gradient":""},"tablet":{"background-color":"","background-image":"","background-repeat":"repeat","background-position":"center center","background-size":"auto","background-attachment":"scroll","background-type":"","background-media":"","overlay-type":"","overlay-color":"","overlay-opacity":"","overlay-gradient":""},"mobile":{"background-color":"","background-image":"","background-repeat":"repeat","background-position":"center center","background-size":"auto","background-attachment":"scroll","background-type":"","background-media":"","overlay-type":"","overlay-color":"","overlay-opacity":"","overlay-gradient":""}},"ast-content-background-meta":{"desktop":{"background-color":"var(--ast-global-color-5)","background-image":"","background-repeat":"repeat","background-position":"center center","background-size":"auto","background-attachment":"scroll","background-type":"","background-media":"","overlay-type":"","overlay-color":"","overlay-opacity":"","overlay-gradient":""},"tablet":{"background-color":"var(--ast-global-color-5)","background-image":"","background-repeat":"repeat","background-position":"center center","background-size":"auto","background-attachment":"scroll","background-type":"","background-media":"","overlay-type":"","overlay-color":"","overlay-opacity":"","overlay-gradient":""},"mobile":{"background-color":"var(--ast-global-color-5)","background-image":"","background-repeat":"repeat","background-position":"center center","background-size":"auto","background-attachment":"scroll","background-type":"","background-media":"","overlay-type":"","overlay-color":"","overlay-opacity":"","overlay-gradient":""}}},"product_brand":[],"product_cat":[24],"product_tag":[],"class_list":{"0":"post-6008","1":"product","2":"type-product","3":"status-publish","4":"has-post-thumbnail","6":"product_cat-electrical-supplies","7":"desktop-align-center","8":"tablet-align-center","9":"mobile-align-center","11":"first","12":"instock","13":"featured","14":"shipping-taxable","15":"product-type-simple"},"_links":{"self":[{"href":"http:\/\/everlastelectrics.com\/fr\/wp-json\/wp\/v2\/product\/6008","targetHints":{"allow":["GET"]}}],"collection":[{"href":"http:\/\/everlastelectrics.com\/fr\/wp-json\/wp\/v2\/product"}],"about":[{"href":"http:\/\/everlastelectrics.com\/fr\/wp-json\/wp\/v2\/types\/product"}],"wp:featuredmedia":[{"embeddable":true,"href":"http:\/\/everlastelectrics.com\/fr\/wp-json\/wp\/v2\/media\/6009"}],"wp:attachment":[{"href":"http:\/\/everlastelectrics.com\/fr\/wp-json\/wp\/v2\/media?parent=6008"}],"wp:term":[{"taxonomy":"product_brand","embeddable":true,"href":"http:\/\/everlastelectrics.com\/fr\/wp-json\/wp\/v2\/product_brand?post=6008"},{"taxonomy":"product_cat","embeddable":true,"href":"http:\/\/everlastelectrics.com\/fr\/wp-json\/wp\/v2\/product_cat?post=6008"},{"taxonomy":"product_tag","embeddable":true,"href":"http:\/\/everlastelectrics.com\/fr\/wp-json\/wp\/v2\/product_tag?post=6008"}],"curies":[{"name":"wp","href":"https:\/\/api.w.org\/{rel}","templated":true}]}}