{"id":168,"date":"2024-05-12T13:42:19","date_gmt":"2024-05-12T17:42:19","guid":{"rendered":"https:\/\/everlastelectrics.com\/product\/assorted-coffee\/"},"modified":"2024-05-15T11:32:53","modified_gmt":"2024-05-15T15:32:53","slug":"crankshaft-sensors","status":"publish","type":"product","link":"http:\/\/everlastelectrics.com\/fr\/produit\/crankshaft-sensors\/","title":{"rendered":"Capteurs de position du vilebrequin"},"content":{"rendered":"<p>Le capteur de position du vilebrequin est un dispositif \u00e9lectronique qui surveille la position et\/ou la vitesse de rotation du vilebrequin. Ce capteur communique avec l'ECU du v\u00e9hicule pour contr\u00f4ler les param\u00e8tres d'allumage et d'injection de carburant. Les capteurs de position du vilebrequin travaillent conjointement avec le capteur de position de l'arbre \u00e0 cames pour surveiller la position des soupapes et des pistons. Le capteur de position du vilebrequin mesure \u00e9galement le r\u00e9gime du moteur en tours par minute.<\/p>","protected":false},"excerpt":{"rendered":"<p>Le capteur de position du vilebrequin est un dispositif \u00e9lectronique qui surveille la position et\/ou la vitesse de rotation du vilebrequin.<\/p>","protected":false},"featured_media":5637,"template":"","meta":{"site-sidebar-layout":"default","site-content-layout":"default","ast-site-content-layout":"default","site-content-style":"default","site-sidebar-style":"default","ast-global-header-display":"","ast-banner-title-visibility":"","ast-main-header-display":"","ast-hfb-above-header-display":"","ast-hfb-below-header-display":"","ast-hfb-mobile-header-display":"","site-post-title":"","ast-breadcrumbs-content":"","ast-featured-img":"","footer-sml-layout":"","ast-disable-related-posts":"","theme-transparent-header-meta":"default","adv-header-id-meta":"","stick-header-meta":"","header-above-stick-meta":"","header-main-stick-meta":"","header-below-stick-meta":"","astra-migrate-meta-layouts":"set","ast-page-background-enabled":"default","ast-page-background-meta":{"desktop":{"background-color":"","background-image":"","background-repeat":"repeat","background-position":"center center","background-size":"auto","background-attachment":"scroll","background-type":"","background-media":"","overlay-type":"","overlay-color":"","overlay-opacity":"","overlay-gradient":""},"tablet":{"background-color":"","background-image":"","background-repeat":"repeat","background-position":"center center","background-size":"auto","background-attachment":"scroll","background-type":"","background-media":"","overlay-type":"","overlay-color":"","overlay-opacity":"","overlay-gradient":""},"mobile":{"background-color":"","background-image":"","background-repeat":"repeat","background-position":"center center","background-size":"auto","background-attachment":"scroll","background-type":"","background-media":"","overlay-type":"","overlay-color":"","overlay-opacity":"","overlay-gradient":""}},"ast-content-background-meta":{"desktop":{"background-color":"var(--ast-global-color-5)","background-image":"","background-repeat":"repeat","background-position":"center center","background-size":"auto","background-attachment":"scroll","background-type":"","background-media":"","overlay-type":"","overlay-color":"","overlay-opacity":"","overlay-gradient":""},"tablet":{"background-color":"var(--ast-global-color-5)","background-image":"","background-repeat":"repeat","background-position":"center center","background-size":"auto","background-attachment":"scroll","background-type":"","background-media":"","overlay-type":"","overlay-color":"","overlay-opacity":"","overlay-gradient":""},"mobile":{"background-color":"var(--ast-global-color-5)","background-image":"","background-repeat":"repeat","background-position":"center center","background-size":"auto","background-attachment":"scroll","background-type":"","background-media":"","overlay-type":"","overlay-color":"","overlay-opacity":"","overlay-gradient":""}}},"product_brand":[],"product_cat":[23],"product_tag":[],"class_list":{"0":"post-168","1":"product","2":"type-product","3":"status-publish","4":"has-post-thumbnail","6":"product_cat-sensors","7":"desktop-align-center","8":"tablet-align-center","9":"mobile-align-center","11":"first","12":"instock","13":"featured","14":"shipping-taxable","15":"product-type-simple"},"_links":{"self":[{"href":"http:\/\/everlastelectrics.com\/fr\/wp-json\/wp\/v2\/product\/168","targetHints":{"allow":["GET"]}}],"collection":[{"href":"http:\/\/everlastelectrics.com\/fr\/wp-json\/wp\/v2\/product"}],"about":[{"href":"http:\/\/everlastelectrics.com\/fr\/wp-json\/wp\/v2\/types\/product"}],"wp:featuredmedia":[{"embeddable":true,"href":"http:\/\/everlastelectrics.com\/fr\/wp-json\/wp\/v2\/media\/5637"}],"wp:attachment":[{"href":"http:\/\/everlastelectrics.com\/fr\/wp-json\/wp\/v2\/media?parent=168"}],"wp:term":[{"taxonomy":"product_brand","embeddable":true,"href":"http:\/\/everlastelectrics.com\/fr\/wp-json\/wp\/v2\/product_brand?post=168"},{"taxonomy":"product_cat","embeddable":true,"href":"http:\/\/everlastelectrics.com\/fr\/wp-json\/wp\/v2\/product_cat?post=168"},{"taxonomy":"product_tag","embeddable":true,"href":"http:\/\/everlastelectrics.com\/fr\/wp-json\/wp\/v2\/product_tag?post=168"}],"curies":[{"name":"wp","href":"https:\/\/api.w.org\/{rel}","templated":true}]}}